{"id":83,"date":"2015-05-05T18:25:09","date_gmt":"2015-05-05T16:25:09","guid":{"rendered":"http:\/\/www.melonenschnitz.ch\/?page_id=83"},"modified":"2015-06-17T16:31:25","modified_gmt":"2015-06-17T14:31:25","slug":"projekte","status":"publish","type":"page","link":"https:\/\/www.melonenschnitz.ch\/projekte\/","title":{"rendered":"Projekte"},"content":{"rendered":"<p style=\"text-align: right;\"><img loading=\"lazy\" decoding=\"async\" class=\"alignnone  wp-image-10\" src=\"https:\/\/www.melonenschnitz.ch\/wp-content\/uploads\/LogoMitByline1_250-300x124.jpg\" alt=\"LogoMitByline1_250\" width=\"258\" height=\"107\" \/><\/p>\n<h1 style=\"text-align: left;\">Ihr Engagement<\/h1>\n<p>Die Aufgaben im Verein Melonenschnitz sollen vor allem in Projekt- und Arbeitsgruppen gel\u00f6st werden.<\/p>\n<p>Projektgruppen widmen sich \u00fcber eine bestimmte Zeit einer abgegrenzten Aufgabe. Ist diese erledigt, wird die Projektgruppe aufgel\u00f6st.<\/p>\n<p>Arbeitsgruppen \u00fcbernehmen eine l\u00e4nger dauernde Aufgabe.<\/p>\n<p>Alle Gruppen werden vom Vorstand eingesetzt, der auch den zeitlichen und finanziellen Rahmen festlegt.<\/p>\n<p>In n\u00e4chster Zeit m\u00f6chten wir die folgenden Gruppen bilden:<\/p>\n<ul>\n<li><strong>Woundwas?<\/strong><br \/>\nProjektgruppe zur Nutzung heutiger Kommunikationsmittel f\u00fcr den Industriekulturpfad.<\/li>\n<li><strong>Behalten?<\/strong><br \/>\nArbeitsgruppe zur Begleitung der Sammlungst\u00e4tigkeit des Historischen Museums Baden.<\/li>\n<\/ul>\n<p>Haben wir Ihr Interesse an einer dieser Gruppen geweckt oder haben Sie eigene Ideen? Melden Sie sich doch unter info@melonenschnitz.ch<\/p>\n<table class=\"alignleft\" style=\"background-color: #ffffff; width: 845px; border-color: #969696;\" border=\"1\" cellspacing=\"1\" cellpadding=\"1\">\n<tbody>\n<tr>\n<td style=\"width: 225px; border-color: #969696; background-color: #ffffff; text-align: left; vertical-align: top;\" scope=\"colgroup\"><\/td>\n<td style=\"width: 620px; background-color: #ffffff; border-color: #969696; text-align: left; vertical-align: top;\" scope=\"colgroup\"><\/td>\n<\/tr>\n<\/tbody>\n<\/table>\n<p>&nbsp;<\/p>\n","protected":false},"excerpt":{"rendered":"<p>Ihr Engagement Die Aufgaben im Verein Melonenschnitz sollen vor allem in Projekt- und Arbeitsgruppen gel\u00f6st werden. Projektgruppen widmen sich \u00fcber eine bestimmte Zeit einer abgegrenzten Aufgabe. Ist diese erledigt, wird die Projektgruppe aufgel\u00f6st. Arbeitsgruppen \u00fcbernehmen eine l\u00e4nger dauernde Aufgabe. Alle&hellip; <\/p>\n","protected":false},"author":3,"featured_media":0,"parent":0,"menu_order":0,"comment_status":"closed","ping_status":"closed","template":"","meta":{"footnotes":""},"class_list":["post-83","page","type-page","status-publish","hentry"],"_links":{"self":[{"href":"https:\/\/www.melonenschnitz.ch\/wp-json\/wp\/v2\/pages\/83","targetHints":{"allow":["GET"]}}],"collection":[{"href":"https:\/\/www.melonenschnitz.ch\/wp-json\/wp\/v2\/pages"}],"about":[{"href":"https:\/\/www.melonenschnitz.ch\/wp-json\/wp\/v2\/types\/page"}],"author":[{"embeddable":true,"href":"https:\/\/www.melonenschnitz.ch\/wp-json\/wp\/v2\/users\/3"}],"replies":[{"embeddable":true,"href":"https:\/\/www.melonenschnitz.ch\/wp-json\/wp\/v2\/comments?post=83"}],"version-history":[{"count":30,"href":"https:\/\/www.melonenschnitz.ch\/wp-json\/wp\/v2\/pages\/83\/revisions"}],"predecessor-version":[{"id":280,"href":"https:\/\/www.melonenschnitz.ch\/wp-json\/wp\/v2\/pages\/83\/revisions\/280"}],"wp:attachment":[{"href":"https:\/\/www.melonenschnitz.ch\/wp-json\/wp\/v2\/media?parent=83"}],"curies":[{"name":"wp","href":"https:\/\/api.w.org\/{rel}","templated":true}]}}