{"id":80,"date":"2015-05-05T18:24:29","date_gmt":"2015-05-05T16:24:29","guid":{"rendered":"http:\/\/www.melonenschnitz.ch\/?page_id=80"},"modified":"2022-03-18T16:58:10","modified_gmt":"2022-03-18T15:58:10","slug":"verein-melonenschnitz","status":"publish","type":"page","link":"https:\/\/www.melonenschnitz.ch\/verein-melonenschnitz\/","title":{"rendered":"Verein Melonenschnitz"},"content":{"rendered":"<p style=\"text-align: right;\"><img loading=\"lazy\" decoding=\"async\" class=\"alignnone  wp-image-10\" src=\"https:\/\/www.melonenschnitz.ch\/wp-content\/uploads\/LogoMitByline1_250-300x124.jpg\" alt=\"LogoMitByline1_250\" width=\"258\" height=\"107\" \/><\/p>\n<h2><span style=\"color: #000000;\">Was tun wir? Wer sind wir?<\/span><\/h2>\n<p>Der <strong>Verein Melonenschnitz<\/strong> f\u00f6rdert die Auseinandersetzung mit der Geschichte der Region Baden.<\/p>\n<p>Er unterst\u00fctzt das Historische Museum Baden in seiner Ausstellungs- und Sammlungst\u00e4tigkeit und kooperiert dabei mit anderen kulturellen Institutionen und Vereinigungen in der Region.<\/p>\n<p>Er betreut und entwickelt den Industriekulturpfad Limmat-Wasserschloss.<\/p>\n<p>Er arbeitet mit Projektgruppen aus interessierten Mitgliedern, die sich \u00fcber eine beschr\u00e4nkten Zeitraum hinweg vielf\u00e4ltigen Projekten und Aktivit\u00e4ten rund ums Museum widmen.<\/p>\n<p>Er wurde im Dezember 2014 gegr\u00fcndet und ist politisch und konfessionell neutral.<\/p>\n<h5><\/h5>\n<h5>Der Vorstand besteht zurzeit aus<\/h5>\n<p><span style=\"color: #000000;\">Kurt Wiederkehr \u00a0 \u00a0 \u00a0 \u00a0 \u00a0 \u00a0 \u00a0 \u00a0 \u00a0Pr\u00e4sident<\/span><\/p>\n<p>Judith Meier-Gander \u00a0 \u00a0 \u00a0 \u00a0 \u00a0Aktuarin<\/p>\n<p><span style=\"color: #000000;\">Willy Nabholz \u00a0 \u00a0 \u00a0 \u00a0 \u00a0 \u00a0 \u00a0 \u00a0 \u00a0 \u00a0 \u00a0Kommunikation, Betreuung Website<\/span><\/p>\n<p><span style=\"color: #000000;\">Sophie Jeuch \u00a0 \u00a0 \u00a0 \u00a0 \u00a0 \u00a0 \u00a0 \u00a0 \u00a0 \u00a0 \u00a0Kassierin<\/span><\/p>\n<p><span style=\"color: #000000;\">Claudio Affolter \u00a0 \u00a0 \u00a0 \u00a0 \u00a0 \u00a0 \u00a0 \u00a0 \u00a0 Beisitzer<\/span><\/p>\n<h5>Anschrift<\/h5>\n<p><span style=\"color: #000000;\">Verein Melonenschnitz 5400 Baden<br \/>\nE-Mail: info@melonenschnitz.ch<\/span><\/p>\n<h5><\/h5>\n<h5 style=\"text-align: left;\">Konto<\/h5>\n<table class=\" alignleft\" style=\"border-color: #ffffff; background-color: #ffffff; height: 61px; width: 101.30952380952381%;\" width=\"617\">\n<tbody>\n<tr>\n<td style=\"width: 125px; border-color: #ffffff; background-color: #ffffff; height: 12px; text-align: left; vertical-align: top;\" scope=\"col\"><span style=\"color: #000000;\">Postcheckkonto<\/span><\/td>\n<td style=\"width: 210px; border-color: #ffffff; background-color: #ffffff; height: 12px; text-align: left; vertical-align: top;\" scope=\"col\"><span style=\"color: #000000;\">89-658021-8<\/span><\/td>\n<\/tr>\n<tr>\n<td style=\"width: 125px; border-color: #ffffff; background-color: #ffffff; height: 12px; text-align: left; vertical-align: top;\" scope=\"col\"><span style=\"color: #000000;\">IBAN<\/span><\/td>\n<td style=\"width: 210px; border-color: #ffffff; background-color: #ffffff; height: 12px; text-align: left; vertical-align: top;\" scope=\"col\"><span style=\"color: #000000;\">CH78 0900 0000 8965 8021 8<\/span><\/td>\n<\/tr>\n<\/tbody>\n<\/table>\n<h5><\/h5>\n<h5><\/h5>\n<h5>Statuten<\/h5>\n<p style=\"text-align: left;\"><a href=\"https:\/\/www.melonenschnitz.ch\/wp-content\/uploads\/2015-Statuten-Melonenschnitz-def.pdf\">Verein Melonenschnitz_Statuten_Stand 8.9.2015 (pdf)<\/a><\/p>\n<h5>F\u00fcr die Werbung<\/h5>\n<p style=\"text-align: left;\"><a href=\"http:\/\/\/\/www.melonenschnitz.ch\/wp-content\/uploads\/VisitenkarteGanz-e1434554748207.jpg\" download=\"VisitenKarteGanz.jpg\">Visitenkarte<\/a><\/p>\n<p style=\"text-align: left;\"><a href=\"https:\/\/www.melonenschnitz.ch\/wp-content\/uploads\/Visitenkarte-e1434457594607.jpg\" download=\"VisitenKarteFront.jpg\">Visitenkarte Vorderseite<\/a><\/p>\n<p style=\"text-align: left;\"><a href=\"https:\/\/www.melonenschnitz.ch\/wp-content\/uploads\/DownloadBild11-e1434459068381.jpg\" download=\"VisitenKarteBack.jpg\">Visitenkarte R\u00fcckseite<\/a><\/p>\n<h5><span style=\"color: #808080;\">Aktuelle Aktivit\u00e4ten des Vereins <\/span><a href=\"https:\/\/www.melonenschnitz.ch\/?page_id=75\">-&gt; News <\/a><\/h5>\n<h5 style=\"text-align: left;\"><span style=\"color: #808080;\">Verein Melonenschnitz in der Presse<\/span><\/h5>\n<p><span style=\"color: #808080;\"><span style=\"color: #808080;\">&#8211; <\/span><a href=\"https:\/\/www.melonenschnitz.ch\/wp-content\/uploads\/AZ_20150717_Melonenschnitz.pdf\" target=\"_blank\" rel=\"noopener\">Artikel in der &#8218;Aargauer Zeitung&#8216; vom 17. Juli 2015 (pdf) <\/a><\/span><br \/>\n<span style=\"color: #808080;\">&#8211; <a href=\"https:\/\/www.melonenschnitz.ch\/wp-content\/uploads\/Rundschau-18-Juni-2015.jpg\" target=\"_blank\" rel=\"noopener\">Artikel in der &#8218;Rundschau&#8216; vom 18. Juni 2015 (jpg)<\/a><\/span><\/p>\n<h5><span style=\"color: #808080;\">Link zum Verein Melonenschnitz auf der Website des<br \/>\nHistorischen Museums<\/span><\/h5>\n<p><span style=\"color: #339966;\"><a style=\"color: #339966;\" href=\"https:\/\/museum.baden.ch\/de\/home\/informationen\/museumsverein.html\/984\">https:\/\/museum.baden.ch\/de\/home\/informationen\/museumsverein.html\/984<\/a><\/span><\/p>\n","protected":false},"excerpt":{"rendered":"<p>Was tun wir? Wer sind wir? Der Verein Melonenschnitz f\u00f6rdert die Auseinandersetzung mit der Geschichte der Region Baden. Er unterst\u00fctzt das Historische Museum Baden in seiner Ausstellungs- und Sammlungst\u00e4tigkeit und kooperiert dabei mit anderen kulturellen Institutionen und Vereinigungen in der&hellip; <\/p>\n","protected":false},"author":3,"featured_media":0,"parent":0,"menu_order":0,"comment_status":"closed","ping_status":"closed","template":"","meta":{"footnotes":""},"class_list":["post-80","page","type-page","status-publish","hentry"],"_links":{"self":[{"href":"https:\/\/www.melonenschnitz.ch\/wp-json\/wp\/v2\/pages\/80","targetHints":{"allow":["GET"]}}],"collection":[{"href":"https:\/\/www.melonenschnitz.ch\/wp-json\/wp\/v2\/pages"}],"about":[{"href":"https:\/\/www.melonenschnitz.ch\/wp-json\/wp\/v2\/types\/page"}],"author":[{"embeddable":true,"href":"https:\/\/www.melonenschnitz.ch\/wp-json\/wp\/v2\/users\/3"}],"replies":[{"embeddable":true,"href":"https:\/\/www.melonenschnitz.ch\/wp-json\/wp\/v2\/comments?post=80"}],"version-history":[{"count":68,"href":"https:\/\/www.melonenschnitz.ch\/wp-json\/wp\/v2\/pages\/80\/revisions"}],"predecessor-version":[{"id":1378,"href":"https:\/\/www.melonenschnitz.ch\/wp-json\/wp\/v2\/pages\/80\/revisions\/1378"}],"wp:attachment":[{"href":"https:\/\/www.melonenschnitz.ch\/wp-json\/wp\/v2\/media?parent=80"}],"curies":[{"name":"wp","href":"https:\/\/api.w.org\/{rel}","templated":true}]}}