{"id":78,"date":"2015-05-05T18:27:04","date_gmt":"2015-05-05T16:27:04","guid":{"rendered":"http:\/\/www.melonenschnitz.ch\/?page_id=78"},"modified":"2016-09-19T10:08:47","modified_gmt":"2016-09-19T08:08:47","slug":"p78","status":"publish","type":"page","link":"https:\/\/www.melonenschnitz.ch\/?page_id=78","title":{"rendered":"Mitgliedschaft"},"content":{"rendered":"<p style=\"text-align: right;\"><img loading=\"lazy\" decoding=\"async\" class=\"alignnone  wp-image-10\" src=\"https:\/\/www.melonenschnitz.ch\/wp-content\/uploads\/LogoMitByline1_250-300x124.jpg\" alt=\"LogoMitByline1_250\" width=\"258\" height=\"107\" \/><\/p>\n<h5><\/h5>\n<h5><span style=\"color: #666699;\">Machen Sie mit im Verein Melonenschnitz.<\/span><\/h5>\n<h5><span style=\"color: #666699;\">Werden Sie Mitglied.<\/span><\/h5>\n<p>&nbsp;<\/p>\n<h5><span style=\"color: #666699;\">So helfen Sie dem Historischen Museum Baden bei seinen H\u00f6henfl\u00fcgen in die Geschichte.<\/span><\/h5>\n<p>&nbsp;<\/p>\n<p>Und Sie erhalten mit der Mitgliedschaft folgende Vorteile:<\/p>\n<ul>\n<li>Anspruch auf eine j\u00e4hrliche Ausgabe der &#8218;Badener Neujahrsbl\u00e4tter&#8216;<\/li>\n<li>Gratiseintritte in das Historische Museum Baden (Anzahl abh\u00e4ngig von der Kategorie der Mitgliedschaft)<br \/>\nWeitere Leistungen f\u00fcr Mitglieder wie verg\u00fcnstigte Eintritte in andere Museen der Region etc. sind in Abkl\u00e4rung.<\/li>\n<\/ul>\n<p>F\u00fcllen Sie das untenstehende Formular aus.<\/p>\n\n<div class=\"wpcf7 no-js\" id=\"wpcf7-f37-o1\" lang=\"de-DE\" dir=\"ltr\" data-wpcf7-id=\"37\">\n<div class=\"screen-reader-response\"><p role=\"status\" aria-live=\"polite\" aria-atomic=\"true\"><\/p> <ul><\/ul><\/div>\n<form action=\"\/index.php?rest_route=%2Fwp%2Fv2%2Fpages%2F78#wpcf7-f37-o1\" method=\"post\" class=\"wpcf7-form init\" aria-label=\"Kontaktformular\" novalidate=\"novalidate\" data-status=\"init\">\n<fieldset class=\"hidden-fields-container\"><input type=\"hidden\" name=\"_wpcf7\" value=\"37\" \/><input type=\"hidden\" name=\"_wpcf7_version\" value=\"6.1.5\" \/><input type=\"hidden\" name=\"_wpcf7_locale\" value=\"de_DE\" \/><input type=\"hidden\" name=\"_wpcf7_unit_tag\" value=\"wpcf7-f37-o1\" \/><input type=\"hidden\" name=\"_wpcf7_container_post\" value=\"0\" \/><input type=\"hidden\" name=\"_wpcf7_posted_data_hash\" value=\"\" \/>\n<\/fieldset>\n<p>Kategorie (Pflichtfeld):\n<\/p>\n<p><span class=\"wpcf7-form-control-wrap\" data-name=\"Kategorie\"><span class=\"wpcf7-form-control wpcf7-checkbox wpcf7-validates-as-required wpcf7-exclusive-checkbox\" id=\"MSKategorie\"><span class=\"wpcf7-list-item first\"><label><input type=\"checkbox\" name=\"Kategorie\" value=\"unter 25 Jahre (Fr. 25.-; Gratiseintritt Mitglied plus 1 Person)\" \/><span class=\"wpcf7-list-item-label\">unter 25 Jahre (Fr. 25.-; Gratiseintritt Mitglied plus 1 Person)<\/span><\/label><\/span><span class=\"wpcf7-list-item\"><label><input type=\"checkbox\" name=\"Kategorie\" value=\"Einzelperson (Fr. 40.-; Gratiseintritt Mitglied plus 1 Person)\" \/><span class=\"wpcf7-list-item-label\">Einzelperson (Fr. 40.-; Gratiseintritt Mitglied plus 1 Person)<\/span><\/label><\/span><span class=\"wpcf7-list-item\"><label><input type=\"checkbox\" name=\"Kategorie\" value=\"Paare und Familien (Fr. 50.-; Gratiseintritt 2 Mitglieder plus 1 Person und eigene Kinder unter 16)\" \/><span class=\"wpcf7-list-item-label\">Paare und Familien (Fr. 50.-; Gratiseintritt 2 Mitglieder plus 1 Person und eigene Kinder unter 16)<\/span><\/label><\/span><span class=\"wpcf7-list-item last\"><label><input type=\"checkbox\" name=\"Kategorie\" value=\"Juristische Person (Fr. 100.-; Gratiseintritt Ausweistr\u00e4ger plus 3 Personen)\" \/><span class=\"wpcf7-list-item-label\">Juristische Person (Fr. 100.-; Gratiseintritt Ausweistr\u00e4ger plus 3 Personen)<\/span><\/label><\/span><\/span><\/span>\n<\/p>\n<p>Badener Neujahrsbl\u00e4tter:\n<\/p>\n<p><span class=\"wpcf7-form-control-wrap\" data-name=\"NeuJBlatt\"><span class=\"wpcf7-form-control wpcf7-checkbox\" id=\"MSVerzichtNeuJBlatt\"><span class=\"wpcf7-list-item first last\"><label><input type=\"checkbox\" name=\"NeuJBlatt[]\" value=\"Ich verzichte auf das Gratisexemplar der Badener Neujahrsbl\u00e4tter\" \/><span class=\"wpcf7-list-item-label\">Ich verzichte auf das Gratisexemplar der Badener Neujahrsbl\u00e4tter<\/span><\/label><\/span><\/span><\/span>\n<\/p>\n<p>Anrede (Pflichtfeld):\n<\/p>\n<p><span class=\"wpcf7-form-control-wrap\" data-name=\"Anrede\"><select class=\"wpcf7-form-control wpcf7-select wpcf7-validates-as-required\" id=\"MSAnrede\" aria-required=\"true\" aria-invalid=\"false\" name=\"Anrede\"><option value=\"\">&#8211; Bitte ausw\u00e4hlen &#8211;<\/option><option value=\"Herr\">Herr<\/option><option value=\"Frau\">Frau<\/option><option value=\"Fam.\">Fam.<\/option><\/select><\/span>\n<\/p>\n<p>Vorname (Pflichtfeld):\n<\/p>\n<p><span class=\"wpcf7-form-control-wrap\" data-name=\"Vorname\"><input size=\"40\" maxlength=\"400\" class=\"wpcf7-form-control wpcf7-text wpcf7-validates-as-required\" id=\"MSVorname\" aria-required=\"true\" aria-invalid=\"false\" placeholder=\"Vorname\" value=\"\" type=\"text\" name=\"Vorname\" \/><\/span>\n<\/p>\n<p>Name (Pflichtfeld):\n<\/p>\n<p><span class=\"wpcf7-form-control-wrap\" data-name=\"Name\"><input size=\"40\" maxlength=\"400\" class=\"wpcf7-form-control wpcf7-text wpcf7-validates-as-required\" id=\"MSName\" aria-required=\"true\" aria-invalid=\"false\" placeholder=\"Name\" value=\"\" type=\"text\" name=\"Name\" \/><\/span>\n<\/p>\n<p>Strasse (Pflichtfeld):\n<\/p>\n<p><span class=\"wpcf7-form-control-wrap\" data-name=\"Strasse\"><input size=\"40\" maxlength=\"400\" class=\"wpcf7-form-control wpcf7-text wpcf7-validates-as-required\" id=\"MSStrasse\" aria-required=\"true\" aria-invalid=\"false\" placeholder=\"Strasse\" value=\"\" type=\"text\" name=\"Strasse\" \/><\/span>\n<\/p>\n<p>PLZ (Pflichtfeld):\n<\/p>\n<p><span class=\"wpcf7-form-control-wrap\" data-name=\"PLZ\"><input size=\"40\" maxlength=\"400\" class=\"wpcf7-form-control wpcf7-text wpcf7-validates-as-required\" id=\"MSPLZ\" aria-required=\"true\" aria-invalid=\"false\" placeholder=\"PLZ\" value=\"\" type=\"text\" name=\"PLZ\" \/><\/span>\n<\/p>\n<p>Wohnort (Pflichtfeld):\n<\/p>\n<p><span class=\"wpcf7-form-control-wrap\" data-name=\"Wohnort\"><input size=\"40\" maxlength=\"400\" class=\"wpcf7-form-control wpcf7-text wpcf7-validates-as-required\" id=\"MSWohnort\" aria-required=\"true\" aria-invalid=\"false\" placeholder=\"Wohnort\" value=\"\" type=\"text\" name=\"Wohnort\" \/><\/span>\n<\/p>\n<p>E-Mail-Adresse:\n<\/p>\n<p><span class=\"wpcf7-form-control-wrap\" data-name=\"EMail\"><input size=\"40\" maxlength=\"400\" class=\"wpcf7-form-control wpcf7-text\" id=\"MSEMail\" aria-invalid=\"false\" placeholder=\"EMail Adresse\" value=\"\" type=\"text\" name=\"EMail\" \/><\/span>\n<\/p>\n<p>Wann war die letzte Badenfahrt?\n<\/p>\n<p><span class=\"wpcf7-form-control-wrap\" data-name=\"quiz-486\"><label><span class=\"wpcf7-quiz-label\"><\/span> <input size=\"40\" class=\"wpcf7-form-control wpcf7-quiz\" autocomplete=\"off\" aria-required=\"true\" aria-invalid=\"false\" type=\"text\" name=\"quiz-486\" \/><\/label><input type=\"hidden\" name=\"_wpcf7_quiz_answer_quiz-486\" value=\"7d986abaf2335b05505b078d946b207f\" \/><\/span>\n<\/p>\n<p><input class=\"wpcf7-form-control wpcf7-submit has-spinner\" type=\"submit\" value=\"Senden\" \/>\n<\/p><div class=\"wpcf7-response-output\" aria-hidden=\"true\"><\/div>\n<\/form>\n<\/div>\n\n","protected":false},"excerpt":{"rendered":"<p>Machen Sie mit im Verein Melonenschnitz. Werden Sie Mitglied. &nbsp; So helfen Sie dem Historischen Museum Baden bei seinen H\u00f6henfl\u00fcgen in die Geschichte. &nbsp; Und Sie erhalten mit der Mitgliedschaft folgende Vorteile: Anspruch auf eine j\u00e4hrliche Ausgabe der &#8218;Badener Neujahrsbl\u00e4tter&#8216;&hellip; <\/p>\n","protected":false},"author":3,"featured_media":0,"parent":0,"menu_order":0,"comment_status":"closed","ping_status":"closed","template":"","meta":{"footnotes":""},"class_list":["post-78","page","type-page","status-publish","hentry"],"_links":{"self":[{"href":"https:\/\/www.melonenschnitz.ch\/index.php?rest_route=\/wp\/v2\/pages\/78","targetHints":{"allow":["GET"]}}],"collection":[{"href":"https:\/\/www.melonenschnitz.ch\/index.php?rest_route=\/wp\/v2\/pages"}],"about":[{"href":"https:\/\/www.melonenschnitz.ch\/index.php?rest_route=\/wp\/v2\/types\/page"}],"author":[{"embeddable":true,"href":"https:\/\/www.melonenschnitz.ch\/index.php?rest_route=\/wp\/v2\/users\/3"}],"replies":[{"embeddable":true,"href":"https:\/\/www.melonenschnitz.ch\/index.php?rest_route=%2Fwp%2Fv2%2Fcomments&post=78"}],"version-history":[{"count":11,"href":"https:\/\/www.melonenschnitz.ch\/index.php?rest_route=\/wp\/v2\/pages\/78\/revisions"}],"predecessor-version":[{"id":584,"href":"https:\/\/www.melonenschnitz.ch\/index.php?rest_route=\/wp\/v2\/pages\/78\/revisions\/584"}],"wp:attachment":[{"href":"https:\/\/www.melonenschnitz.ch\/index.php?rest_route=%2Fwp%2Fv2%2Fmedia&parent=78"}],"curies":[{"name":"wp","href":"https:\/\/api.w.org\/{rel}","templated":true}]}}